{"id":615,"date":"2021-04-16T14:50:42","date_gmt":"2021-04-16T12:50:42","guid":{"rendered":"http:\/\/hosen-weiblich.de\/?page_id=615"},"modified":"2025-11-13T11:42:14","modified_gmt":"2025-11-13T10:42:14","slug":"impressum","status":"publish","type":"page","link":"https:\/\/hosen-weiblich.de\/en\/impressum\/","title":{"rendered":"Imprint"},"content":{"rendered":"<div data-elementor-type=\"wp-page\" data-elementor-id=\"615\" class=\"elementor elementor-615\">\n\t\t\t\t\t\t<section class=\"elementor-section elementor-top-section elementor-element elementor-element-60cfcaff elementor-section-boxed elementor-section-height-default elementor-section-height-default\" data-id=\"60cfcaff\" data-element_type=\"section\" data-e-type=\"section\">\n\t\t\t\t\t\t<div class=\"elementor-container elementor-column-gap-default\">\n\t\t\t\t\t<div class=\"elementor-column elementor-col-100 elementor-top-column elementor-element elementor-element-cb9e706\" data-id=\"cb9e706\" data-element_type=\"column\" data-e-type=\"column\">\n\t\t\t<div class=\"elementor-widget-wrap elementor-element-populated\">\n\t\t\t\t\t\t<div class=\"elementor-element elementor-element-ed655be elementor-widget elementor-widget-text-editor\" data-id=\"ed655be\" data-element_type=\"widget\" data-e-type=\"widget\" data-widget_type=\"text-editor.default\">\n\t\t\t\t<div class=\"elementor-widget-container\">\n\t\t\t\t\t\t\t\t\t<p class=\"translation-block\"><strong>Provider identification<\/strong><br>\nProvider of the website \"http:\/\/www.hosen-weiblich.de<br>\nDr. Gundula Wolter<br>\nHeimkehlenstr. 32<br>\n12209 Berlin<br>\nGERMANY<\/p><p>E-Mail mail@gundula-wolter.de<\/p><p><b>Design and technical realization<\/b><br \/>Rainer Pabst-Wolter<br \/>rainer(@pabst-wolter.de<br \/>Umsetzung mit wordpress 6.8.3<\/p><p><strong>Terms of use<\/strong><br \/>Mit der Benutzung der Website &#8222;www.hosen-weiblich.de&#8220; akzeptieren Sie die nachfolgenden Nutzungsbedingungen.<\/p><p><b>Transmited data<\/b><br \/>When using this website, legally protected data may be transmitted. The data transmitted by the user to the web site is considered non-confidential and not protected by copyright or proprietary rights. The publisher does not assume any responsibility in relation to the data transmissions. It is prohibited to transmit to or from this website threatening, insulting, slanderous, defamatory, pornographic, immoral or illegal content.<\/p><p><b>Links to third party websites<\/b><br \/>Links von dieser Website auf Websites Dritter werden nur aus Gr\u00fcnden der Benutzerfreundlichkeit zur Verf\u00fcgung gestellt. Die Aufnahme eines solchen Links impliziert keine Billigung der Inhalte der verkn\u00fcpften Website durch die Herausgeberin und keine Verbindung zu deren Betreiber. Die Herausgeberin kontrolliert nicht die Inhalte der verkn\u00fcpften Websites und ist nicht f\u00fcr deren Inhalt und den verkn\u00fcpften Link verantwortlich. Vor allem distanziert sie sich ausdr\u00fccklich von den Inhalten dieser Seiten und macht sie sich nicht zu eigen. Die Nutzung eines Links kann zum Verlassen der Website www.hosen-weiblich.de f\u00fchren und erfolgt auf eigene Verantwortung der Nutzerin, des Nutzers.<\/p><p><b>Texts and changes<\/b><br \/>Die Herausgeberin gestattet die Nutzung von Texten und Publikationen auf dieser Website vorausgesetzt (1) der Hinweis &#8222;\u00a9 Gundula-Wolter&#8220; ist in allen Kopien enthalten, (2) die Verwendung der Texte dient entweder der eigenen privaten Nutzung oder der nicht gewerblichen Information Dritter, (3) die Texte werden in keiner Form auf Servern zum Herunterladen durch Dritte bereitgestellt oder \u00fcber andere Medien an Dritte weiterverbreitet und (4) es werden keinerlei Ver\u00e4nderungen an den Texten vorgenommen. Anderweitige rechtswidrige Nutzungen werden zivil- und strafrechtlich verfolgt. Kein Text im vorgenannten Sinne ist das Design und das Layout der Website. Dieses ist ebenfalls nach dem Urheberrecht oder anderen Gesetzen gesch\u00fctzt und darf weder ganz noch teilweise kopiert oder nachgeahmt werden. Auch Logos, Kl\u00e4nge, Grafiken und Bilder dieser Website\u00a0 d\u00fcrfen ohne ausdr\u00fcckliche Einwilligung des Herausgebers weder kopiert noch \u00fcbertragen werden. Die Herausgeberin kann jederzeit ohne vorherige Ank\u00fcndigung \u00c4nderungen der auf dieser Website angegebenen Texte und Inhalte vornehmen oder diese ganz oder teilweise entfernen.<\/p><p><b>Limitation of liability<\/b><br \/>The publisher and third parties commissioned by it use the diligence required in the course of business to provide up-to-date and accurate content on the website. The content is provided without any representation or warranty of any kind, whether express or implied. In particular, the Issuer does not warrant the accuracy, completeness or timeliness of the content or its suitability for any particular purpose.<\/p><p><b>Limited warrenty for content<\/b><br \/>Die Herausgeberin und vom der Herausgeberin beauftragte Dritte verwenden die im Verkehr erforderliche Sorgfalt, um aktuelle und inhaltlich zutreffende Inhalte auf der Website bereitzustellen. Die Inhalte werden ohne jegliche Zusicherung oder Gew\u00e4hrleistung jedweder Art, sei sie ausdr\u00fccklich oder stillschweigend, zur Verf\u00fcgung gestellt. Die Herausgeberin \u00fcbernimmt insbesondere keine Gew\u00e4hr f\u00fcr die Richtigkeit, Vollst\u00e4ndigkeit und Aktualit\u00e4t der Inhalte und deren Eignung f\u00fcr bestimmte Verwendungszwecke.<\/p><p><b>Scope of validity and jurisdiction<\/b><br \/>Die Inhalte der Website und diese Bestimmungen unterliegen dem Recht der Bundesrepublik Deutschland. Die Inhalte dieser Website sind grunds\u00e4tzlich nicht f\u00fcr den Gebrauch au\u00dferhalb der Bundesrepublik Deutschland vorgesehen. Die Herausgeberin macht insoweit jedoch keine Aussage dar\u00fcber, ob der Zugang auf Inhalte dieser Website von au\u00dferhalb der Bundesrepublik Deutschland zul\u00e4ssig ist. Als Gerichtsstand wird hinsichtlich der Rechtm\u00e4\u00dfigkeit der Inhalte dieser Website oder soweit der Nutzer Kaufmann ist, die Zust\u00e4ndigkeit des Landgericht Berlin vereinbart.<\/p><p>\u00a9 Gundula Wolter 2025<br \/>All rights reserved<\/p>\t\t\t\t\t\t\t\t<\/div>\n\t\t\t\t<\/div>\n\t\t\t\t\t<\/div>\n\t\t<\/div>\n\t\t\t\t\t<\/div>\n\t\t<\/section>\n\t\t\t\t<section class=\"elementor-section elementor-top-section elementor-element elementor-element-1062e6a elementor-section-boxed elementor-section-height-default elementor-section-height-default\" data-id=\"1062e6a\" data-element_type=\"section\" data-e-type=\"section\">\n\t\t\t\t\t\t<div class=\"elementor-container elementor-column-gap-no\">\n\t\t\t\t\t<div class=\"elementor-column elementor-col-100 elementor-top-column elementor-element elementor-element-56972be\" data-id=\"56972be\" data-element_type=\"column\" data-e-type=\"column\">\n\t\t\t<div class=\"elementor-widget-wrap elementor-element-populated\">\n\t\t\t\t\t\t<section class=\"elementor-section elementor-inner-section elementor-element elementor-element-7f5fd48 elementor-section-boxed elementor-section-height-default elementor-section-height-default\" data-id=\"7f5fd48\" data-element_type=\"section\" data-e-type=\"section\">\n\t\t\t\t\t\t<div class=\"elementor-container elementor-column-gap-default\">\n\t\t\t\t\t<div class=\"elementor-column elementor-col-33 elementor-inner-column elementor-element elementor-element-3b47c04\" data-id=\"3b47c04\" data-element_type=\"column\" data-e-type=\"column\">\n\t\t\t<div class=\"elementor-widget-wrap elementor-element-populated\">\n\t\t\t\t\t\t<div class=\"elementor-element elementor-element-fa11b4e elementor-widget elementor-widget-text-editor\" data-id=\"fa11b4e\" data-element_type=\"widget\" data-e-type=\"widget\" data-widget_type=\"text-editor.default\">\n\t\t\t\t<div class=\"elementor-widget-container\">\n\t\t\t\t\t\t\t\t\t<p style=\"text-align: center;\">\u00a9 Gundula Wolter\u00a0\u00a0<\/p>\t\t\t\t\t\t\t\t<\/div>\n\t\t\t\t<\/div>\n\t\t\t\t\t<\/div>\n\t\t<\/div>\n\t\t\t\t<div class=\"elementor-column elementor-col-33 elementor-inner-column elementor-element elementor-element-9d3bca8\" data-id=\"9d3bca8\" data-element_type=\"column\" data-e-type=\"column\">\n\t\t\t<div class=\"elementor-widget-wrap elementor-element-populated\">\n\t\t\t\t\t\t<div class=\"elementor-element elementor-element-f98549c elementor-widget elementor-widget-text-editor\" data-id=\"f98549c\" data-element_type=\"widget\" data-e-type=\"widget\" data-widget_type=\"text-editor.default\">\n\t\t\t\t<div class=\"elementor-widget-container\">\n\t\t\t\t\t\t\t\t\t<p><a href=\"http:\/\/hosen-weiblich.de\/en\/impressum\/\">Imprint<\/a><\/p>\t\t\t\t\t\t\t\t<\/div>\n\t\t\t\t<\/div>\n\t\t\t\t\t<\/div>\n\t\t<\/div>\n\t\t\t\t<div class=\"elementor-column elementor-col-33 elementor-inner-column elementor-element elementor-element-19c5996\" data-id=\"19c5996\" data-element_type=\"column\" data-e-type=\"column\">\n\t\t\t<div class=\"elementor-widget-wrap elementor-element-populated\">\n\t\t\t\t\t\t<div class=\"elementor-element elementor-element-fdfedc9 elementor-widget elementor-widget-text-editor\" data-id=\"fdfedc9\" data-element_type=\"widget\" data-e-type=\"widget\" data-widget_type=\"text-editor.default\">\n\t\t\t\t<div class=\"elementor-widget-container\">\n\t\t\t\t\t\t\t\t\t<p style=\"text-align: center;\"><a href=\"http:\/\/hosen-weiblich.de\/en\/datenschutzerklaerung\/\" target=\"_blank\" rel=\"noopener\">\u00a0Privacy Policy &amp; Terms of Use<\/a><\/p>\t\t\t\t\t\t\t\t<\/div>\n\t\t\t\t<\/div>\n\t\t\t\t\t<\/div>\n\t\t<\/div>\n\t\t\t\t\t<\/div>\n\t\t<\/section>\n\t\t\t\t\t<\/div>\n\t\t<\/div>\n\t\t\t\t\t<\/div>\n\t\t<\/section>\n\t\t\t\t<\/div>","protected":false},"excerpt":{"rendered":"<p>AnbieterkennzeichnungAnbieterin der Internetpr\u00e4senz &#8222;http:\/\/www.hosen-weiblich.de&#8220;Dr. Gundula WolterHeimkehlenstr. 3212209 BerlinGERMANY E-Mail mail@gundula-wolter.de Gestaltung und technische Realisierung | WebmasterRainer Pabst-Wolterrainer(@pabst-wolter.deUmsetzung mit wordpress 6.8.3 NutzungsbedingungenMit der Benutzung der Website &#8222;www.hosen-weiblich.de&#8220; akzeptieren Sie die nachfolgenden Nutzungsbedingungen. \u00dcbermittelte DatenBei der Nutzung dieser Website k\u00f6nnen gesetzlich gesch\u00fctzte Daten \u00fcbertragen werden. Die vom Nutzer an die Website \u00fcbertragene Daten gelten als nicht vertraulich [&hellip;]<\/p>\n","protected":false},"author":1,"featured_media":0,"parent":0,"menu_order":0,"comment_status":"closed","ping_status":"closed","template":"","meta":{"ocean_post_layout":"full-screen","ocean_both_sidebars_style":"","ocean_both_sidebars_content_width":0,"ocean_both_sidebars_sidebars_width":0,"ocean_sidebar":"0","ocean_second_sidebar":"0","ocean_disable_margins":"enable","ocean_add_body_class":"","ocean_shortcode_before_top_bar":"","ocean_shortcode_after_top_bar":"","ocean_shortcode_before_header":"","ocean_shortcode_after_header":"","ocean_has_shortcode":"","ocean_shortcode_after_title":"","ocean_shortcode_before_footer_widgets":"","ocean_shortcode_after_footer_widgets":"","ocean_shortcode_before_footer_bottom":"","ocean_shortcode_after_footer_bottom":"","ocean_display_top_bar":"off","ocean_display_header":"default","ocean_header_style":"","ocean_center_header_left_menu":"0","ocean_custom_header_template":"0","ocean_custom_logo":0,"ocean_custom_retina_logo":0,"ocean_custom_logo_max_width":0,"ocean_custom_logo_tablet_max_width":0,"ocean_custom_logo_mobile_max_width":0,"ocean_custom_logo_max_height":0,"ocean_custom_logo_tablet_max_height":0,"ocean_custom_logo_mobile_max_height":0,"ocean_header_custom_menu":"0","ocean_menu_typo_font_family":"0","ocean_menu_typo_font_subset":"","ocean_menu_typo_font_size":0,"ocean_menu_typo_font_size_tablet":0,"ocean_menu_typo_font_size_mobile":0,"ocean_menu_typo_font_size_unit":"px","ocean_menu_typo_font_weight":"","ocean_menu_typo_font_weight_tablet":"","ocean_menu_typo_font_weight_mobile":"","ocean_menu_typo_transform":"","ocean_menu_typo_transform_tablet":"","ocean_menu_typo_transform_mobile":"","ocean_menu_typo_line_height":0,"ocean_menu_typo_line_height_tablet":0,"ocean_menu_typo_line_height_mobile":0,"ocean_menu_typo_line_height_unit":"","ocean_menu_typo_spacing":0,"ocean_menu_typo_spacing_tablet":0,"ocean_menu_typo_spacing_mobile":0,"ocean_menu_typo_spacing_unit":"","ocean_menu_link_color":"","ocean_menu_link_color_hover":"","ocean_menu_link_color_active":"","ocean_menu_link_background":"","ocean_menu_link_hover_background":"","ocean_menu_link_active_background":"","ocean_menu_social_links_bg":"","ocean_menu_social_hover_links_bg":"","ocean_menu_social_links_color":"","ocean_menu_social_hover_links_color":"","ocean_disable_title":"default","ocean_disable_heading":"default","ocean_post_title":"","ocean_post_subheading":"","ocean_post_title_style":"","ocean_post_title_background_color":"","ocean_post_title_background":0,"ocean_post_title_bg_image_position":"","ocean_post_title_bg_image_attachment":"","ocean_post_title_bg_image_repeat":"","ocean_post_title_bg_image_size":"","ocean_post_title_height":0,"ocean_post_title_bg_overlay":0.5,"ocean_post_title_bg_overlay_color":"","ocean_disable_breadcrumbs":"default","ocean_breadcrumbs_color":"","ocean_breadcrumbs_separator_color":"","ocean_breadcrumbs_links_color":"","ocean_breadcrumbs_links_hover_color":"","ocean_display_footer_widgets":"default","ocean_display_footer_bottom":"default","ocean_custom_footer_template":"0","footnotes":""},"class_list":["post-615","page","type-page","status-publish","hentry","entry"],"_links":{"self":[{"href":"https:\/\/hosen-weiblich.de\/en\/wp-json\/wp\/v2\/pages\/615","targetHints":{"allow":["GET"]}}],"collection":[{"href":"https:\/\/hosen-weiblich.de\/en\/wp-json\/wp\/v2\/pages"}],"about":[{"href":"https:\/\/hosen-weiblich.de\/en\/wp-json\/wp\/v2\/types\/page"}],"author":[{"embeddable":true,"href":"https:\/\/hosen-weiblich.de\/en\/wp-json\/wp\/v2\/users\/1"}],"replies":[{"embeddable":true,"href":"https:\/\/hosen-weiblich.de\/en\/wp-json\/wp\/v2\/comments?post=615"}],"version-history":[{"count":61,"href":"https:\/\/hosen-weiblich.de\/en\/wp-json\/wp\/v2\/pages\/615\/revisions"}],"predecessor-version":[{"id":1535,"href":"https:\/\/hosen-weiblich.de\/en\/wp-json\/wp\/v2\/pages\/615\/revisions\/1535"}],"wp:attachment":[{"href":"https:\/\/hosen-weiblich.de\/en\/wp-json\/wp\/v2\/media?parent=615"}],"curies":[{"name":"wp","href":"https:\/\/api.w.org\/{rel}","templated":true}]}}