{"id":24,"date":"2021-04-09T13:39:57","date_gmt":"2021-04-09T11:39:57","guid":{"rendered":"http:\/\/hosen-weiblich.de\/?page_id=24"},"modified":"2025-11-13T11:36:02","modified_gmt":"2025-11-13T10:36:02","slug":"rezensionen","status":"publish","type":"page","link":"https:\/\/hosen-weiblich.de\/en\/rezensionen\/","title":{"rendered":"Reviews"},"content":{"rendered":"\t\t<div data-elementor-type=\"wp-page\" data-elementor-id=\"24\" class=\"elementor elementor-24\">\n\t\t\t\t\t\t<section class=\"elementor-section elementor-top-section elementor-element elementor-element-6b6f0c5f elementor-section-boxed elementor-section-height-default elementor-section-height-default\" data-id=\"6b6f0c5f\" data-element_type=\"section\" data-e-type=\"section\">\n\t\t\t\t\t\t<div class=\"elementor-container elementor-column-gap-default\">\n\t\t\t\t\t<div class=\"elementor-column elementor-col-100 elementor-top-column elementor-element elementor-element-6ea604eb\" data-id=\"6ea604eb\" data-element_type=\"column\" data-e-type=\"column\">\n\t\t\t<div class=\"elementor-widget-wrap\">\n\t\t\t\t\t\t\t<\/div>\n\t\t<\/div>\n\t\t\t\t\t<\/div>\n\t\t<\/section>\n\t\t\t\t<section class=\"elementor-section elementor-top-section elementor-element elementor-element-9d6e117 elementor-section-boxed elementor-section-height-default elementor-section-height-default\" data-id=\"9d6e117\" data-element_type=\"section\" data-e-type=\"section\">\n\t\t\t\t\t\t<div class=\"elementor-container elementor-column-gap-default\">\n\t\t\t\t\t<div class=\"elementor-column elementor-col-100 elementor-top-column elementor-element elementor-element-00927ac\" data-id=\"00927ac\" data-element_type=\"column\" data-e-type=\"column\">\n\t\t\t<div class=\"elementor-widget-wrap elementor-element-populated\">\n\t\t\t\t\t\t<section class=\"elementor-section elementor-inner-section elementor-element elementor-element-6bcfd84 elementor-section-boxed elementor-section-height-default elementor-section-height-default\" data-id=\"6bcfd84\" data-element_type=\"section\" data-e-type=\"section\">\n\t\t\t\t\t\t<div class=\"elementor-container elementor-column-gap-default\">\n\t\t\t\t\t<div class=\"elementor-column elementor-col-50 elementor-inner-column elementor-element elementor-element-0c3d46f\" data-id=\"0c3d46f\" data-element_type=\"column\" data-e-type=\"column\">\n\t\t\t<div class=\"elementor-widget-wrap elementor-element-populated\">\n\t\t\t\t\t\t<div class=\"elementor-element elementor-element-7efd934 elementor-widget elementor-widget-image\" data-id=\"7efd934\" data-element_type=\"widget\" data-e-type=\"widget\" data-widget_type=\"image.default\">\n\t\t\t\t<div class=\"elementor-widget-container\">\n\t\t\t\t\t\t\t\t\t\t\t\t\t\t\t<img fetchpriority=\"high\" decoding=\"async\" width=\"200\" height=\"333\" src=\"https:\/\/hosen-weiblich.de\/wp-content\/uploads\/2021\/04\/Mann_bg.gif\" class=\"attachment-large size-large wp-image-701\" alt=\"\" \/>\t\t\t\t\t\t\t\t\t\t\t\t\t\t\t<\/div>\n\t\t\t\t<\/div>\n\t\t\t\t\t<\/div>\n\t\t<\/div>\n\t\t\t\t<div class=\"elementor-column elementor-col-50 elementor-inner-column elementor-element elementor-element-8585cff\" data-id=\"8585cff\" data-element_type=\"column\" data-e-type=\"column\">\n\t\t\t<div class=\"elementor-widget-wrap elementor-element-populated\">\n\t\t\t\t\t\t<div class=\"elementor-element elementor-element-1f42812 elementor-widget elementor-widget-text-editor\" data-id=\"1f42812\" data-element_type=\"widget\" data-e-type=\"widget\" data-widget_type=\"text-editor.default\">\n\t\t\t\t<div class=\"elementor-widget-container\">\n\t\t\t\t\t\t\t\t\t<h3><span style=\"color: #000000;\"><strong>\u00a0 \u00a0 Rezensionen | Hosen, weiblich (Ausz\u00fcge)<br \/><\/strong><\/span><\/h3><ul><li><span style=\"color: #000000;\">Haben Sie was gegen Frauen in Hosen? Ehrlich nicht? M\u00e4nner im Rock? Das ist nat\u00fcrlich was anderes. Warum? Weil die Hose nicht nur als geschlechtsspezifisches Attribut, sondern auch als Vorrecht, und zwar als m\u00e4nnliches, auftritt [\u2026]. Die schrittweise Hosenaneignung durch europ\u00e4ische und amerikanische Frauen ereignete sich in den letzten 200 Jahren. Dokumentiert hat diesen Vorgang die Geschichtswissenschaftlerin Gundula Wolter in ihrer Dissertation \u201eHosen, weiblich\u201c, einer Kulturgeschichte, die zu Teilen auch eine Emanzipationsgeschichte ist. Es geht in der Geschichte nicht nur um Beinkleider von der unterschiedlichsten und ulkigsten Beschaffenheit, sondern auch um den an und abschwellenden Bocksgesang, der jeden Vorsto\u00df weiblicherseits begleitete [\u2026].<\/span><br \/><span style=\"color: #000000;\"><em><em>(Elsemarie Maletzke, DIE ZEIT, 2. Juni 1995)<\/em><\/em><\/span><\/li><li><span style=\"color: #000000;\">Gundula Wolter, die wei\u00df, wovon sie spricht, hat sie doch schon 1988 eine fundierte Kulturgeschichte der Herrenhose verfa\u00dft (\u2026), geht nun in ihrer Dissertation auf der Basis seri\u00f6ser Quellenforschung weiblichen Hosentragens in allen Ver\u00e4stelungen bis zur offiziellen Etablierung nach [\u2026]. Ihr kluger Text ist anregend, witzig und oft \u00fcberraschend illustriert. Und obschon das begehrte Kleidungsst\u00fcck die erhoffte Perfektion der Partnerschaft von Mann und Frau nicht brachte, lautet das Fazit ihrer Emanzipationsgeschichte: die \u201eweibliche Kultur gewann durch die Hosen an St\u00e4rke.\u201c Immerhin.<\/span><br \/><span style=\"color: #000000;\"><em><em>(Sigrid Metken, Frankfurter Allgemeine Zeitung, 29. M\u00e4rz 1995)<\/em><\/em><\/span><\/li><li><span style=\"color: #000000;\">Der kunstgeschichtlichen Forschung gilt die \u201aMode\u2019 noch immer als halbseidenes Unterfangen. Um so mehr darf man sich \u00fcber jede Dissertation freuen, die mit Akribie und Appetit geschrieben ist. [\u2026] W. betreibt seit Jahren die Mode forschend und lehrend als kulturgeschichtlichen Anspruch. Sie konnte aus einem reichhaltigen Fundus die F\u00e4den l\u00e4ngs und quer vernetzen [\u2026]. Der Geschichte der Frauenhose nachgehen hei\u00dft, schreibt Gundula Wolter, nicht nur eine kost\u00fcmhistorische Fragestellung zu er\u00f6rtern, sondern zugleich ein St\u00fcck weiblicher Emanzipationsgeschichte nachzuzeichnen. Die Untersuchung zielt darauf ab, die wenigen seri\u00f6sen [\u2026] Detailanalysen in einen Gesamtzusammenhang zu stellen und durch zus\u00e4tzliche Recherchen die offensichtlichen Forschungsl\u00fccken zum Thema \u201aFrauen in Hosen\u2019 teilweise zu schlie\u00dfen. Dieser Anspruch wird von der Promovendin vorz\u00fcglich eingel\u00f6st.<\/span><br \/><span style=\"color: #000000;\"><em><em>(Harald Brost, Nassauische Annalen 107\/ 1996)<\/em><\/em><\/span><\/li><li><span style=\"color: #000000;\">Die Selbstverst\u00e4ndlichkeit, mit der wir Frauen in Hosen wahrnehmen, erscheint w\u00e4hrend der Lekt\u00fcre von \u201eHosen, weiblich\u201c als gar nicht selbstverst\u00e4ndlich. Denn Gundula Wolter zeigt, wie langwierig und m\u00fchselig die Eroberung der \u201eStoffr\u00f6hren\u201c durch die Frauen war. Und erz\u00e4hlt somit zugleich die Geschichte der Frauenemanzipation [\u2026]. \u00dcber Kleidungszw\u00e4nge, die Begrenzung des weiblichen Schritts und seine allm\u00e4hliche Befreiung berichtet Gundula Wolter in ihrer differenzierten Untersuchung, die ein Standardwerk der Mode-Literatur werden k\u00f6nnte [\u2026]. Mode als Spiegel von Kultur \u2013 was kann f\u00fcr die Branche spannender sein?<\/span><br \/><span style=\"color: #000000;\"><em><em>(TextilWirtschaft, 17.11.1994, S. 48)<\/em><\/em><\/span><\/li><li><span style=\"color: #000000;\">Hosen, weiblich. Kulturgeschichte der Frauenhose ist [\u2026] mit den diversen produktverliebten, ausufernden Feuilletons \u00fcber Pfeifenputzer und Sektkorken keineswegs in einen Topf zu werfen. Die Geschichte der weiblichen Mobilit\u00e4t, des freien Ausschreitens, folglich der politischen und individuellen Freiheit der Frau ist mit dem weiblichen Recht auf das Beinkleid aufs engste verbunden [\u2026].<\/span><br \/><span style=\"color: #000000;\"><em><em>(Bettina Loidl, Der Standard, 10. Februar 1995)<\/em><\/em><\/span><\/li><li><span style=\"color: #000000;\">[\u2026] Die Autorin f\u00f6rdert zutage: wissenschaftliche Texte, feuilletonistische Beitr\u00e4ge, popul\u00e4re Spr\u00fcche, und jenes schon erw\u00e4hnte reiche Bildmaterial \u00fcber v\u00f6llig unbekannte Versionen von Hosen, ob als Unter- oder Oberbekleidung. Die Wut, die die Lekt\u00fcre von so mancher Zeile biologistischer Festschreibung der Frau im Quellenmaterial begleitet, [\u2026] f\u00e4ngt die Autorin durch den Einsatz einer subtilen Ironie auf und entlarvt, ganz nebenbei, auch den schl\u00fcpfrigen Voyeurismus, der den gr\u00f6\u00dften Teil der wenigen bisher zum Forschungsgegenstand erschienenen Publikationen, meist m\u00e4nnlicher Schreiber, kennzeichnet. Ihre analysierende Einbindung des Ph\u00e4nomens l\u00e4\u00dft alle Pikanterie [\u2026] hinter sich, nicht ohne genau dem Witz und Erfindungsreichtum \u2013 und der oft unfreiwilligen Komik \u2013, die die Argumente pro und contra kennzeichnen, ihren soziokulturellen und geschlechtsspezifischen Kontext zu entlocken [\u2026].<\/span><br \/><span style=\"color: #000000;\"><em><em>(Hanne Loreck, Frauen Kunst Wissenschaft H. 17, 1994)<\/em><\/em><\/span><\/li><li><span style=\"color: #000000;\">Wolters\u2019 Buch ist eine Pionierinnenarbeit und besticht durch die bewundernswerte Quellenf\u00fclle. Man m\u00f6chte das halbe Buch zitieren [\u2026].<\/span><br \/><span style=\"color: #000000;\"><em>(Christel Dormagen, Literatur-Frauen, 9. Dezember 1994)<\/em><\/span><\/li><\/ul>\t\t\t\t\t\t\t\t<\/div>\n\t\t\t\t<\/div>\n\t\t\t\t\t<\/div>\n\t\t<\/div>\n\t\t\t\t\t<\/div>\n\t\t<\/section>\n\t\t\t\t\t<\/div>\n\t\t<\/div>\n\t\t\t\t\t<\/div>\n\t\t<\/section>\n\t\t\t\t<section class=\"elementor-section elementor-top-section elementor-element elementor-element-0f680ab elementor-section-boxed elementor-section-height-default elementor-section-height-default\" data-id=\"0f680ab\" data-element_type=\"section\" data-e-type=\"section\">\n\t\t\t\t\t\t<div class=\"elementor-container elementor-column-gap-no\">\n\t\t\t\t\t<div class=\"elementor-column elementor-col-100 elementor-top-column elementor-element elementor-element-d2c6394\" data-id=\"d2c6394\" data-element_type=\"column\" data-e-type=\"column\">\n\t\t\t<div class=\"elementor-widget-wrap elementor-element-populated\">\n\t\t\t\t\t\t<section class=\"elementor-section elementor-inner-section elementor-element elementor-element-fa76ab2 elementor-section-boxed elementor-section-height-default elementor-section-height-default\" data-id=\"fa76ab2\" data-element_type=\"section\" data-e-type=\"section\">\n\t\t\t\t\t\t<div class=\"elementor-container elementor-column-gap-default\">\n\t\t\t\t\t<div class=\"elementor-column elementor-col-33 elementor-inner-column elementor-element elementor-element-80049e1\" data-id=\"80049e1\" data-element_type=\"column\" data-e-type=\"column\">\n\t\t\t<div class=\"elementor-widget-wrap elementor-element-populated\">\n\t\t\t\t\t\t<div class=\"elementor-element elementor-element-eb013aa elementor-widget elementor-widget-text-editor\" data-id=\"eb013aa\" data-element_type=\"widget\" data-e-type=\"widget\" data-widget_type=\"text-editor.default\">\n\t\t\t\t<div class=\"elementor-widget-container\">\n\t\t\t\t\t\t\t\t\t<p style=\"text-align: center;\">\u00a9 Gundula Wolter 2025<\/p>\t\t\t\t\t\t\t\t<\/div>\n\t\t\t\t<\/div>\n\t\t\t\t\t<\/div>\n\t\t<\/div>\n\t\t\t\t<div class=\"elementor-column elementor-col-33 elementor-inner-column elementor-element elementor-element-7c3e986\" data-id=\"7c3e986\" data-element_type=\"column\" data-e-type=\"column\">\n\t\t\t<div class=\"elementor-widget-wrap elementor-element-populated\">\n\t\t\t\t\t\t<div class=\"elementor-element elementor-element-2a62dfc elementor-widget elementor-widget-text-editor\" data-id=\"2a62dfc\" data-element_type=\"widget\" data-e-type=\"widget\" data-widget_type=\"text-editor.default\">\n\t\t\t\t<div class=\"elementor-widget-container\">\n\t\t\t\t\t\t\t\t\t<p><a href=\"http:\/\/hosen-weiblich.de\/impressum\/\">Impressum<\/a><\/p>\t\t\t\t\t\t\t\t<\/div>\n\t\t\t\t<\/div>\n\t\t\t\t\t<\/div>\n\t\t<\/div>\n\t\t\t\t<div class=\"elementor-column elementor-col-33 elementor-inner-column elementor-element elementor-element-1cb5a0a\" data-id=\"1cb5a0a\" data-element_type=\"column\" data-e-type=\"column\">\n\t\t\t<div class=\"elementor-widget-wrap elementor-element-populated\">\n\t\t\t\t\t\t<div class=\"elementor-element elementor-element-d589b05 elementor-widget elementor-widget-text-editor\" data-id=\"d589b05\" data-element_type=\"widget\" data-e-type=\"widget\" data-widget_type=\"text-editor.default\">\n\t\t\t\t<div class=\"elementor-widget-container\">\n\t\t\t\t\t\t\t\t\t<p style=\"text-align: center;\"><a href=\"http:\/\/hosen-weiblich.de\/datenschutzerklaerung\/\" target=\"_blank\" rel=\"noopener\">\u00a0Datenschutzerkl\u00e4rung<\/a><\/p>\t\t\t\t\t\t\t\t<\/div>\n\t\t\t\t<\/div>\n\t\t\t\t\t<\/div>\n\t\t<\/div>\n\t\t\t\t\t<\/div>\n\t\t<\/section>\n\t\t\t\t\t<\/div>\n\t\t<\/div>\n\t\t\t\t\t<\/div>\n\t\t<\/section>\n\t\t\t\t<\/div>\n\t\t","protected":false},"excerpt":{"rendered":"<p>\u00a0 \u00a0 Rezensionen | Hosen, weiblich (Ausz\u00fcge) Haben Sie was gegen Frauen in Hosen? Ehrlich nicht? M\u00e4nner im Rock? Das ist nat\u00fcrlich was anderes. Warum? Weil die Hose nicht nur als geschlechtsspezifisches Attribut, sondern auch als Vorrecht, und zwar als m\u00e4nnliches, auftritt [\u2026]. Die schrittweise Hosenaneignung durch europ\u00e4ische und amerikanische Frauen ereignete sich in den [&hellip;]<\/p>\n","protected":false},"author":1,"featured_media":0,"parent":0,"menu_order":0,"comment_status":"closed","ping_status":"closed","template":"","meta":{"ocean_post_layout":"full-screen","ocean_both_sidebars_style":"","ocean_both_sidebars_content_width":0,"ocean_both_sidebars_sidebars_width":0,"ocean_sidebar":"0","ocean_second_sidebar":"0","ocean_disable_margins":"enable","ocean_add_body_class":"","ocean_shortcode_before_top_bar":"","ocean_shortcode_after_top_bar":"","ocean_shortcode_before_header":"","ocean_shortcode_after_header":"","ocean_has_shortcode":"","ocean_shortcode_after_title":"","ocean_shortcode_before_footer_widgets":"","ocean_shortcode_after_footer_widgets":"","ocean_shortcode_before_footer_bottom":"","ocean_shortcode_after_footer_bottom":"","ocean_display_top_bar":"off","ocean_display_header":"default","ocean_header_style":"","ocean_center_header_left_menu":"0","ocean_custom_header_template":"0","ocean_custom_logo":0,"ocean_custom_retina_logo":0,"ocean_custom_logo_max_width":0,"ocean_custom_logo_tablet_max_width":0,"ocean_custom_logo_mobile_max_width":0,"ocean_custom_logo_max_height":0,"ocean_custom_logo_tablet_max_height":0,"ocean_custom_logo_mobile_max_height":0,"ocean_header_custom_menu":"0","ocean_menu_typo_font_family":"0","ocean_menu_typo_font_subset":"","ocean_menu_typo_font_size":0,"ocean_menu_typo_font_size_tablet":0,"ocean_menu_typo_font_size_mobile":0,"ocean_menu_typo_font_size_unit":"px","ocean_menu_typo_font_weight":"","ocean_menu_typo_font_weight_tablet":"","ocean_menu_typo_font_weight_mobile":"","ocean_menu_typo_transform":"","ocean_menu_typo_transform_tablet":"","ocean_menu_typo_transform_mobile":"","ocean_menu_typo_line_height":0,"ocean_menu_typo_line_height_tablet":0,"ocean_menu_typo_line_height_mobile":0,"ocean_menu_typo_line_height_unit":"","ocean_menu_typo_spacing":0,"ocean_menu_typo_spacing_tablet":0,"ocean_menu_typo_spacing_mobile":0,"ocean_menu_typo_spacing_unit":"","ocean_menu_link_color":"","ocean_menu_link_color_hover":"","ocean_menu_link_color_active":"","ocean_menu_link_background":"","ocean_menu_link_hover_background":"","ocean_menu_link_active_background":"","ocean_menu_social_links_bg":"","ocean_menu_social_hover_links_bg":"","ocean_menu_social_links_color":"","ocean_menu_social_hover_links_color":"","ocean_disable_title":"on","ocean_disable_heading":"default","ocean_post_title":"","ocean_post_subheading":"","ocean_post_title_style":"","ocean_post_title_background_color":"","ocean_post_title_background":0,"ocean_post_title_bg_image_position":"","ocean_post_title_bg_image_attachment":"","ocean_post_title_bg_image_repeat":"","ocean_post_title_bg_image_size":"","ocean_post_title_height":0,"ocean_post_title_bg_overlay":0.5,"ocean_post_title_bg_overlay_color":"","ocean_disable_breadcrumbs":"default","ocean_breadcrumbs_color":"","ocean_breadcrumbs_separator_color":"","ocean_breadcrumbs_links_color":"","ocean_breadcrumbs_links_hover_color":"","ocean_display_footer_widgets":"off","ocean_display_footer_bottom":"off","ocean_custom_footer_template":"0","footnotes":""},"class_list":["post-24","page","type-page","status-publish","hentry","entry"],"_links":{"self":[{"href":"https:\/\/hosen-weiblich.de\/en\/wp-json\/wp\/v2\/pages\/24","targetHints":{"allow":["GET"]}}],"collection":[{"href":"https:\/\/hosen-weiblich.de\/en\/wp-json\/wp\/v2\/pages"}],"about":[{"href":"https:\/\/hosen-weiblich.de\/en\/wp-json\/wp\/v2\/types\/page"}],"author":[{"embeddable":true,"href":"https:\/\/hosen-weiblich.de\/en\/wp-json\/wp\/v2\/users\/1"}],"replies":[{"embeddable":true,"href":"https:\/\/hosen-weiblich.de\/en\/wp-json\/wp\/v2\/comments?post=24"}],"version-history":[{"count":64,"href":"https:\/\/hosen-weiblich.de\/en\/wp-json\/wp\/v2\/pages\/24\/revisions"}],"predecessor-version":[{"id":1526,"href":"https:\/\/hosen-weiblich.de\/en\/wp-json\/wp\/v2\/pages\/24\/revisions\/1526"}],"wp:attachment":[{"href":"https:\/\/hosen-weiblich.de\/en\/wp-json\/wp\/v2\/media?parent=24"}],"curies":[{"name":"wp","href":"https:\/\/api.w.org\/{rel}","templated":true}]}}