{"id":17,"date":"2021-04-09T13:35:29","date_gmt":"2021-04-09T11:35:29","guid":{"rendered":"http:\/\/hosen-weiblich.de\/?page_id=17"},"modified":"2025-11-13T11:33:37","modified_gmt":"2025-11-13T10:33:37","slug":"autorin","status":"publish","type":"page","link":"https:\/\/hosen-weiblich.de\/en\/autorin\/","title":{"rendered":"Author"},"content":{"rendered":"<div data-elementor-type=\"wp-page\" data-elementor-id=\"17\" class=\"elementor elementor-17\">\n\t\t\t\t\t\t<section class=\"elementor-section elementor-top-section elementor-element elementor-element-9587274 elementor-section-boxed elementor-section-height-default elementor-section-height-default\" data-id=\"9587274\" data-element_type=\"section\" data-e-type=\"section\">\n\t\t\t\t\t\t<div class=\"elementor-container elementor-column-gap-default\">\n\t\t\t\t\t<div class=\"elementor-column elementor-col-100 elementor-top-column elementor-element elementor-element-5eba3bf\" data-id=\"5eba3bf\" data-element_type=\"column\" data-e-type=\"column\">\n\t\t\t<div class=\"elementor-widget-wrap elementor-element-populated\">\n\t\t\t\t\t\t<div class=\"elementor-element elementor-element-e08a08b elementor-widget elementor-widget-image\" data-id=\"e08a08b\" data-element_type=\"widget\" data-e-type=\"widget\" data-widget_type=\"image.default\">\n\t\t\t\t<div class=\"elementor-widget-container\">\n\t\t\t\t\t\t\t\t\t\t\t\t<figure class=\"wp-caption\">\n\t\t\t\t\t\t\t\t\t\t<img fetchpriority=\"high\" decoding=\"async\" width=\"291\" height=\"218\" src=\"https:\/\/hosen-weiblich.de\/wp-content\/uploads\/2021\/04\/gundelchen.png\" class=\"attachment-medium size-medium wp-image-82\" alt=\"\" \/>\t\t\t\t\t\t\t\t\t\t\t<figcaption class=\"widget-image-caption wp-caption-text\">\u00a9 Rainer Pabst-Wolter<\/figcaption>\n\t\t\t\t\t\t\t\t\t\t<\/figure>\n\t\t\t\t\t\t\t\t\t<\/div>\n\t\t\t\t<\/div>\n\t\t\t\t\t<\/div>\n\t\t<\/div>\n\t\t\t\t\t<\/div>\n\t\t<\/section>\n\t\t\t\t<section class=\"elementor-section elementor-top-section elementor-element elementor-element-454d857 elementor-section-boxed elementor-section-height-default elementor-section-height-default\" data-id=\"454d857\" data-element_type=\"section\" data-e-type=\"section\">\n\t\t\t\t\t\t<div class=\"elementor-container elementor-column-gap-default\">\n\t\t\t\t\t<div class=\"elementor-column elementor-col-100 elementor-top-column elementor-element elementor-element-b682cdd\" data-id=\"b682cdd\" data-element_type=\"column\" data-e-type=\"column\">\n\t\t\t<div class=\"elementor-widget-wrap elementor-element-populated\">\n\t\t\t\t\t\t<div class=\"elementor-element elementor-element-4c17847 elementor-widget elementor-widget-text-editor\" data-id=\"4c17847\" data-element_type=\"widget\" data-e-type=\"widget\" data-widget_type=\"text-editor.default\">\n\t\t\t\t<div class=\"elementor-widget-container\">\n\t\t\t\t\t\t\t\t\t<h3><strong>About the Author<\/strong><\/h3><p class=\"translation-block\">Dr. phil. Gundula Wolter is a freelance fashion historian, fashion theorist and author. 1993 doctorate at the Art History Institute of the FU Berlin. 1998-2008 Visiting professor at the Berlin University of the Arts in the team of Vivienne Westwood and at the wei\u00dfensee kunsthochschule berlin. Founding member and from 2010\u20132019 first chairwoman of netzwerk mode textil (<a href=\"http:\/\/www.netzwerk-mode-textil.de\" target=\"_blank\" rel=\"noopener\">www.netzwerk-mode-textil.de<\/a>), Interessenvertretung der kulturwissenschaftlichen Textil-, Kleider- und Modeforschung e.V. (registered association: network fashion textile. Promoting and supporting the study of the history and theory of textiles, dress and fashion).<\/p><p class=\"translation-block\">Books by the author: Die Verpackung des m\u00e4nnlichen Geschlechts. Eine illustrierte Kulturgeschichte der Hose, Marburg 1988 (1. ed.), Hosen, weiblich. Kulturgeschichte der Frauenhose, Marburg 1994; Teufelsh\u00f6rner und Lust\u00e4pfel. Modekritik in Wort und Bild 1150\u20131620, Marburg 2002; Ridik\u00fcl! Mode in der Karikatur 1600\u20131900 (co-editor A. Rasche), Berlin\/K\u00f6ln 2003; Ingrid Loschek: Reclams Mode- und Kost\u00fcmlexikon (6. ed., extended and revised), Stuttgart 2011. Numerous contributions to books, conference proceedings and catalogues.<\/p><p class=\"translation-block\">For more information, see <a href=\"http:\/\/www.gundula-wolter.de\" target=\"_blank\" rel=\"noopener\">www.gundula-wolter.de<\/a><\/p><p><a href=\"https:\/\/gundula-wolter.de\/vita\/\" target=\"_blank\" rel=\"noopener\">&gt; Curriculum Vitae<\/a><\/p>\t\t\t\t\t\t\t\t<\/div>\n\t\t\t\t<\/div>\n\t\t\t\t\t<\/div>\n\t\t<\/div>\n\t\t\t\t\t<\/div>\n\t\t<\/section>\n\t\t\t\t<section class=\"elementor-section elementor-top-section elementor-element elementor-element-f263e19 elementor-section-boxed elementor-section-height-default elementor-section-height-default\" data-id=\"f263e19\" data-element_type=\"section\" data-e-type=\"section\">\n\t\t\t\t\t\t<div class=\"elementor-container elementor-column-gap-no\">\n\t\t\t\t\t<div class=\"elementor-column elementor-col-100 elementor-top-column elementor-element elementor-element-0aa007a\" data-id=\"0aa007a\" data-element_type=\"column\" data-e-type=\"column\">\n\t\t\t<div class=\"elementor-widget-wrap elementor-element-populated\">\n\t\t\t\t\t\t<section class=\"elementor-section elementor-inner-section elementor-element elementor-element-4dbddde elementor-section-boxed elementor-section-height-default elementor-section-height-default\" data-id=\"4dbddde\" data-element_type=\"section\" data-e-type=\"section\">\n\t\t\t\t\t\t<div class=\"elementor-container elementor-column-gap-default\">\n\t\t\t\t\t<div class=\"elementor-column elementor-col-33 elementor-inner-column elementor-element elementor-element-faddc93\" data-id=\"faddc93\" data-element_type=\"column\" data-e-type=\"column\">\n\t\t\t<div class=\"elementor-widget-wrap elementor-element-populated\">\n\t\t\t\t\t\t<div class=\"elementor-element elementor-element-e9d3059 elementor-widget elementor-widget-text-editor\" data-id=\"e9d3059\" data-element_type=\"widget\" data-e-type=\"widget\" data-widget_type=\"text-editor.default\">\n\t\t\t\t<div class=\"elementor-widget-container\">\n\t\t\t\t\t\t\t\t\t<p style=\"text-align: center;\">\u00a9 Gundula Wolter 2025<\/p>\t\t\t\t\t\t\t\t<\/div>\n\t\t\t\t<\/div>\n\t\t\t\t\t<\/div>\n\t\t<\/div>\n\t\t\t\t<div class=\"elementor-column elementor-col-33 elementor-inner-column elementor-element elementor-element-952bb07\" data-id=\"952bb07\" data-element_type=\"column\" data-e-type=\"column\">\n\t\t\t<div class=\"elementor-widget-wrap elementor-element-populated\">\n\t\t\t\t\t\t<div class=\"elementor-element elementor-element-bae63bb elementor-widget elementor-widget-text-editor\" data-id=\"bae63bb\" data-element_type=\"widget\" data-e-type=\"widget\" data-widget_type=\"text-editor.default\">\n\t\t\t\t<div class=\"elementor-widget-container\">\n\t\t\t\t\t\t\t\t\t<p><a href=\"http:\/\/hosen-weiblich.de\/en\/impressum\/\">Imprint<\/a><\/p>\t\t\t\t\t\t\t\t<\/div>\n\t\t\t\t<\/div>\n\t\t\t\t\t<\/div>\n\t\t<\/div>\n\t\t\t\t<div class=\"elementor-column elementor-col-33 elementor-inner-column elementor-element elementor-element-689b11c\" data-id=\"689b11c\" data-element_type=\"column\" data-e-type=\"column\">\n\t\t\t<div class=\"elementor-widget-wrap elementor-element-populated\">\n\t\t\t\t\t\t<div class=\"elementor-element elementor-element-ce43f86 elementor-widget elementor-widget-text-editor\" data-id=\"ce43f86\" data-element_type=\"widget\" data-e-type=\"widget\" data-widget_type=\"text-editor.default\">\n\t\t\t\t<div class=\"elementor-widget-container\">\n\t\t\t\t\t\t\t\t\t<p style=\"text-align: center;\"><a href=\"http:\/\/hosen-weiblich.de\/en\/datenschutzerklaerung\/\" target=\"_blank\" rel=\"noopener\">\u00a0Privacy Policy &amp; Terms of Use<\/a><\/p>\t\t\t\t\t\t\t\t<\/div>\n\t\t\t\t<\/div>\n\t\t\t\t\t<\/div>\n\t\t<\/div>\n\t\t\t\t\t<\/div>\n\t\t<\/section>\n\t\t\t\t\t<\/div>\n\t\t<\/div>\n\t\t\t\t\t<\/div>\n\t\t<\/section>\n\t\t\t\t<\/div>","protected":false},"excerpt":{"rendered":"<p>\u00a9 Rainer Pabst-Wolter zur Autorin Dr. phil. Gundula Wolter ist freiberufliche Modehistorikerin, Modetheoretikerin und Autorin. 1993 Promotion am Kunsthistorischen Institut der FU Berlin. 1998 &#8211; 2008 Gastprofessorin an der Universit\u00e4t der K\u00fcnste Berlin im Team von Vivienne Westwood und an der Kunsthochschule Berlin-Wei\u00dfensee. Gr\u00fcndungsmitglied und von 2010 &#8211; 2019 erste Vorsitzende von netzwerk mode textil. [&hellip;]<\/p>\n","protected":false},"author":1,"featured_media":0,"parent":0,"menu_order":0,"comment_status":"closed","ping_status":"closed","template":"","meta":{"ocean_post_layout":"full-screen","ocean_both_sidebars_style":"","ocean_both_sidebars_content_width":0,"ocean_both_sidebars_sidebars_width":0,"ocean_sidebar":"0","ocean_second_sidebar":"0","ocean_disable_margins":"enable","ocean_add_body_class":"","ocean_shortcode_before_top_bar":"","ocean_shortcode_after_top_bar":"","ocean_shortcode_before_header":"","ocean_shortcode_after_header":"","ocean_has_shortcode":"","ocean_shortcode_after_title":"","ocean_shortcode_before_footer_widgets":"","ocean_shortcode_after_footer_widgets":"","ocean_shortcode_before_footer_bottom":"","ocean_shortcode_after_footer_bottom":"","ocean_display_top_bar":"off","ocean_display_header":"default","ocean_header_style":"","ocean_center_header_left_menu":"0","ocean_custom_header_template":"0","ocean_custom_logo":0,"ocean_custom_retina_logo":0,"ocean_custom_logo_max_width":0,"ocean_custom_logo_tablet_max_width":0,"ocean_custom_logo_mobile_max_width":0,"ocean_custom_logo_max_height":0,"ocean_custom_logo_tablet_max_height":0,"ocean_custom_logo_mobile_max_height":0,"ocean_header_custom_menu":"0","ocean_menu_typo_font_family":"0","ocean_menu_typo_font_subset":"","ocean_menu_typo_font_size":0,"ocean_menu_typo_font_size_tablet":0,"ocean_menu_typo_font_size_mobile":0,"ocean_menu_typo_font_size_unit":"px","ocean_menu_typo_font_weight":"","ocean_menu_typo_font_weight_tablet":"","ocean_menu_typo_font_weight_mobile":"","ocean_menu_typo_transform":"","ocean_menu_typo_transform_tablet":"","ocean_menu_typo_transform_mobile":"","ocean_menu_typo_line_height":0,"ocean_menu_typo_line_height_tablet":0,"ocean_menu_typo_line_height_mobile":0,"ocean_menu_typo_line_height_unit":"","ocean_menu_typo_spacing":0,"ocean_menu_typo_spacing_tablet":0,"ocean_menu_typo_spacing_mobile":0,"ocean_menu_typo_spacing_unit":"","ocean_menu_link_color":"","ocean_menu_link_color_hover":"","ocean_menu_link_color_active":"","ocean_menu_link_background":"","ocean_menu_link_hover_background":"","ocean_menu_link_active_background":"","ocean_menu_social_links_bg":"","ocean_menu_social_hover_links_bg":"","ocean_menu_social_links_color":"","ocean_menu_social_hover_links_color":"","ocean_disable_title":"on","ocean_disable_heading":"default","ocean_post_title":"","ocean_post_subheading":"","ocean_post_title_style":"","ocean_post_title_background_color":"","ocean_post_title_background":0,"ocean_post_title_bg_image_position":"","ocean_post_title_bg_image_attachment":"","ocean_post_title_bg_image_repeat":"","ocean_post_title_bg_image_size":"","ocean_post_title_height":0,"ocean_post_title_bg_overlay":0.5,"ocean_post_title_bg_overlay_color":"","ocean_disable_breadcrumbs":"default","ocean_breadcrumbs_color":"","ocean_breadcrumbs_separator_color":"","ocean_breadcrumbs_links_color":"","ocean_breadcrumbs_links_hover_color":"","ocean_display_footer_widgets":"off","ocean_display_footer_bottom":"off","ocean_custom_footer_template":"0","footnotes":""},"class_list":["post-17","page","type-page","status-publish","hentry","entry"],"_links":{"self":[{"href":"https:\/\/hosen-weiblich.de\/en\/wp-json\/wp\/v2\/pages\/17","targetHints":{"allow":["GET"]}}],"collection":[{"href":"https:\/\/hosen-weiblich.de\/en\/wp-json\/wp\/v2\/pages"}],"about":[{"href":"https:\/\/hosen-weiblich.de\/en\/wp-json\/wp\/v2\/types\/page"}],"author":[{"embeddable":true,"href":"https:\/\/hosen-weiblich.de\/en\/wp-json\/wp\/v2\/users\/1"}],"replies":[{"embeddable":true,"href":"https:\/\/hosen-weiblich.de\/en\/wp-json\/wp\/v2\/comments?post=17"}],"version-history":[{"count":122,"href":"https:\/\/hosen-weiblich.de\/en\/wp-json\/wp\/v2\/pages\/17\/revisions"}],"predecessor-version":[{"id":1514,"href":"https:\/\/hosen-weiblich.de\/en\/wp-json\/wp\/v2\/pages\/17\/revisions\/1514"}],"wp:attachment":[{"href":"https:\/\/hosen-weiblich.de\/en\/wp-json\/wp\/v2\/media?parent=17"}],"curies":[{"name":"wp","href":"https:\/\/api.w.org\/{rel}","templated":true}]}}