{"id":5,"date":"2021-04-09T12:23:15","date_gmt":"2021-04-09T10:23:15","guid":{"rendered":"http:\/\/hosen-weiblich.de\/?page_id=3"},"modified":"2021-06-06T18:24:13","modified_gmt":"2021-06-06T16:24:13","slug":"datenschutzerklaerung","status":"publish","type":"page","link":"http:\/\/hosen-weiblich.de\/en\/datenschutzerklaerung\/","title":{"rendered":"Privacy Policy &amp; Terms of Use"},"content":{"rendered":"<div data-elementor-type=\"wp-page\" data-elementor-id=\"5\" class=\"elementor elementor-5\">\n\t\t\t\t\t\t<section class=\"elementor-section elementor-top-section elementor-element elementor-element-2afd97d1 elementor-section-boxed elementor-section-height-default elementor-section-height-default\" data-id=\"2afd97d1\" data-element_type=\"section\" data-e-type=\"section\">\n\t\t\t\t\t\t<div class=\"elementor-container elementor-column-gap-default\">\n\t\t\t\t\t<div class=\"elementor-column elementor-col-100 elementor-top-column elementor-element elementor-element-727bec68\" data-id=\"727bec68\" data-element_type=\"column\" data-e-type=\"column\">\n\t\t\t<div class=\"elementor-widget-wrap elementor-element-populated\">\n\t\t\t\t\t\t<div class=\"elementor-element elementor-element-afc5725 elementor-widget elementor-widget-text-editor\" data-id=\"afc5725\" data-element_type=\"widget\" data-e-type=\"widget\" data-widget_type=\"text-editor.default\">\n\t\t\t\t<div class=\"elementor-widget-container\">\n\t\t\t\t\t\t\t\t\t<h2><strong>Privacy Policy &amp; Terms of Use <\/strong><\/h2><p class=\"translation-block\">General notice and mandatory information <br> <\/strong> This data protection declaration is intended to inform the users of this website about the type, scope and purpose of the collection and use of personal data. The website operator Gundula Wolter is responsible for this:<\/p><p>Anbieterin der Internetpr\u00e4senz &#8222;http:\/\/www.hosen-weiblich.de&#8220;<br \/>Dr. Gundula Wolter<br \/>Heimkehlenstr. 32<br \/>12209 Berlin<br \/>GERMANY<\/p><p>The website operator takes your data protection very seriously and treats your personal data confidentially and in accordance with legal regulations.<\/p><p class=\"translation-block\"><strong> Access data <br> <\/strong> We, the website operator or the site provider, collect data on the access to the website due to our legitimate interest and save these \"server log files\" on the website server. The following data is logged in this way:<\/p><ul><li>Websites visited<\/li><li>Time at the time of access<\/li><li>Amount of data sent in bytes<\/li><li>Source \/ reference from which you came to the page<\/li><li>Browser used<\/li><li>Operating system used<\/li><li>IP address used<\/li><\/ul><p>The server log files are stored for a maximum of 7 days and then deleted. The data is stored for security reasons, e.g. to be able to clarify cases of abuse. If data have to be kept for reasons of evidence, they are excluded from deletion until the incident has been resolved.<\/p><p><strong>Cookies<br \/><\/strong>The server log files are stored for a maximum of 7 days and then deleted. The data is stored for security reasons, e.g. to be able to clarify cases of abuse. If data have to be kept for reasons of evidence, they are excluded from deletion until the incident has been resolved.<\/p><p>If you do not want this, you can object to the use here:<\/p><ul><li>Cookie deactivation point of the network advertising initiative http:\/\/optout.networkadvertising.org<\/li><li>Cookie deactivation page of the US website http:\/\/optout.aboutads.info<\/li><li>Cookie deactivation point of the network advertising initiative http:\/\/optout.networkadvertising.org<\/li><\/ul><p>Common browsers offer the setting option not to allow cookies.<\/p><p><strong>Collection and processing of personal data<br \/><\/strong>Die Websitebetreiberin nutzt und gibt Ihre personenbezogenen Daten nur dann weiter, wenn dies im gesetzlichen Rahmen erlaubt ist oder Sie der Datenerhebung einwilligen.<\/p><p><strong>User rights<br \/><\/strong>As a user, you have the right to request free information about which personal data has been stored about you. You also have the right to have your personal data deleted. Data stored by us will be deleted if they are no longer required for their intended purpose and there are no statutory retention periods.\u00a0<\/p><p><strong>Right to object<br \/><\/strong>Nutzer dieser Website k\u00f6nnen von ihrem Widerspruchsrecht Gebrauch machen und der Verarbeitung ihrer personenbezogenen Daten zu jeder Zeit widersprechen.<\/p><p>If you would like notification, blocking, deletion or information about the personal data stored about you or if you have any questions about the collection, processing or use of your personal data or if you would like to revoke your consent, please contact the following e-mail address: mail@gundula-wolter.de.<\/p><p>Source of the text modules: http:\/\/www.datenschutz.org\/datenschutzerklaerung-website\/<\/p>\t\t\t\t\t\t\t\t<\/div>\n\t\t\t\t<\/div>\n\t\t\t\t\t<\/div>\n\t\t<\/div>\n\t\t\t\t\t<\/div>\n\t\t<\/section>\n\t\t\t\t<section class=\"elementor-section elementor-top-section elementor-element elementor-element-8561f33 elementor-section-boxed elementor-section-height-default elementor-section-height-default\" data-id=\"8561f33\" data-element_type=\"section\" data-e-type=\"section\">\n\t\t\t\t\t\t<div class=\"elementor-container elementor-column-gap-no\">\n\t\t\t\t\t<div class=\"elementor-column elementor-col-100 elementor-top-column elementor-element elementor-element-bfe528e\" data-id=\"bfe528e\" data-element_type=\"column\" data-e-type=\"column\">\n\t\t\t<div class=\"elementor-widget-wrap elementor-element-populated\">\n\t\t\t\t\t\t<section class=\"elementor-section elementor-inner-section elementor-element elementor-element-189d5c7 elementor-section-boxed elementor-section-height-default elementor-section-height-default\" data-id=\"189d5c7\" data-element_type=\"section\" data-e-type=\"section\">\n\t\t\t\t\t\t<div class=\"elementor-container elementor-column-gap-default\">\n\t\t\t\t\t<div class=\"elementor-column elementor-col-33 elementor-inner-column elementor-element elementor-element-d09d29c\" data-id=\"d09d29c\" data-element_type=\"column\" data-e-type=\"column\">\n\t\t\t<div class=\"elementor-widget-wrap elementor-element-populated\">\n\t\t\t\t\t\t<div class=\"elementor-element elementor-element-ffbe48e elementor-widget elementor-widget-text-editor\" data-id=\"ffbe48e\" data-element_type=\"widget\" data-e-type=\"widget\" data-widget_type=\"text-editor.default\">\n\t\t\t\t<div class=\"elementor-widget-container\">\n\t\t\t\t\t\t\t\t\t<p style=\"text-align: center;\">\u00a9 Gundula Wolter\u00a0\u00a0<\/p>\t\t\t\t\t\t\t\t<\/div>\n\t\t\t\t<\/div>\n\t\t\t\t\t<\/div>\n\t\t<\/div>\n\t\t\t\t<div class=\"elementor-column elementor-col-33 elementor-inner-column elementor-element elementor-element-509f090\" data-id=\"509f090\" data-element_type=\"column\" data-e-type=\"column\">\n\t\t\t<div class=\"elementor-widget-wrap elementor-element-populated\">\n\t\t\t\t\t\t<div class=\"elementor-element elementor-element-bc78d9f elementor-widget elementor-widget-text-editor\" data-id=\"bc78d9f\" data-element_type=\"widget\" data-e-type=\"widget\" data-widget_type=\"text-editor.default\">\n\t\t\t\t<div class=\"elementor-widget-container\">\n\t\t\t\t\t\t\t\t\t<p><a href=\"http:\/\/hosen-weiblich.de\/en\/impressum\/\">Imprint<\/a><\/p>\t\t\t\t\t\t\t\t<\/div>\n\t\t\t\t<\/div>\n\t\t\t\t\t<\/div>\n\t\t<\/div>\n\t\t\t\t<div class=\"elementor-column elementor-col-33 elementor-inner-column elementor-element elementor-element-ef0cc11\" data-id=\"ef0cc11\" data-element_type=\"column\" data-e-type=\"column\">\n\t\t\t<div class=\"elementor-widget-wrap elementor-element-populated\">\n\t\t\t\t\t\t<div class=\"elementor-element elementor-element-38ba2de elementor-widget elementor-widget-text-editor\" data-id=\"38ba2de\" data-element_type=\"widget\" data-e-type=\"widget\" data-widget_type=\"text-editor.default\">\n\t\t\t\t<div class=\"elementor-widget-container\">\n\t\t\t\t\t\t\t\t\t<p style=\"text-align: center;\"><a href=\"http:\/\/hosen-weiblich.de\/en\/datenschutzerklaerung\/\" target=\"_blank\" rel=\"noopener\">\u00a0Privacy Policy &amp; Terms of Use<\/a><\/p>\t\t\t\t\t\t\t\t<\/div>\n\t\t\t\t<\/div>\n\t\t\t\t\t<\/div>\n\t\t<\/div>\n\t\t\t\t\t<\/div>\n\t\t<\/section>\n\t\t\t\t\t<\/div>\n\t\t<\/div>\n\t\t\t\t\t<\/div>\n\t\t<\/section>\n\t\t\t\t<\/div>","protected":false},"excerpt":{"rendered":"<p>Datenschutzerkl\u00e4rung Allgemeiner Hinweis und PflichtinformationenDiese Datenschutzerkl\u00e4rung soll die Nutzer dieser Website \u00fcber die Art, den Umfang und den Zweck der Erhebung und Verwendung personenbezogener Daten informieren. Verantwortlich hierf\u00fcr ist die Websitebetreiberin Gundula Wolter: Anbieterin der Internetpr\u00e4senz &#8222;http:\/\/www.hosen-weiblich.de&#8220;Dr. Gundula WolterHeimkehlenstr. 3212209 BerlinGERMANY Die Websitebetreiberin nimmt Ihren Datenschutz sehr ernst und behandelt Ihre personenbezogenen Daten vertraulich und [&hellip;]<\/p>\n","protected":false},"author":1,"featured_media":0,"parent":0,"menu_order":0,"comment_status":"closed","ping_status":"open","template":"","meta":{"ocean_post_layout":"full-screen","ocean_both_sidebars_style":"","ocean_both_sidebars_content_width":0,"ocean_both_sidebars_sidebars_width":0,"ocean_sidebar":"footer-one","ocean_second_sidebar":"0","ocean_disable_margins":"enable","ocean_add_body_class":"","ocean_shortcode_before_top_bar":"","ocean_shortcode_after_top_bar":"","ocean_shortcode_before_header":"","ocean_shortcode_after_header":"","ocean_has_shortcode":"","ocean_shortcode_after_title":"","ocean_shortcode_before_footer_widgets":"","ocean_shortcode_after_footer_widgets":"","ocean_shortcode_before_footer_bottom":"","ocean_shortcode_after_footer_bottom":"","ocean_display_top_bar":"off","ocean_display_header":"on","ocean_header_style":"","ocean_center_header_left_menu":"0","ocean_custom_header_template":"0","ocean_custom_logo":0,"ocean_custom_retina_logo":0,"ocean_custom_logo_max_width":0,"ocean_custom_logo_tablet_max_width":0,"ocean_custom_logo_mobile_max_width":0,"ocean_custom_logo_max_height":0,"ocean_custom_logo_tablet_max_height":0,"ocean_custom_logo_mobile_max_height":0,"ocean_header_custom_menu":"0","ocean_menu_typo_font_family":"0","ocean_menu_typo_font_subset":"","ocean_menu_typo_font_size":0,"ocean_menu_typo_font_size_tablet":0,"ocean_menu_typo_font_size_mobile":0,"ocean_menu_typo_font_size_unit":"px","ocean_menu_typo_font_weight":"","ocean_menu_typo_font_weight_tablet":"","ocean_menu_typo_font_weight_mobile":"","ocean_menu_typo_transform":"","ocean_menu_typo_transform_tablet":"","ocean_menu_typo_transform_mobile":"","ocean_menu_typo_line_height":0,"ocean_menu_typo_line_height_tablet":0,"ocean_menu_typo_line_height_mobile":0,"ocean_menu_typo_line_height_unit":"","ocean_menu_typo_spacing":0,"ocean_menu_typo_spacing_tablet":0,"ocean_menu_typo_spacing_mobile":0,"ocean_menu_typo_spacing_unit":"","ocean_menu_link_color":"","ocean_menu_link_color_hover":"","ocean_menu_link_color_active":"","ocean_menu_link_background":"","ocean_menu_link_hover_background":"","ocean_menu_link_active_background":"","ocean_menu_social_links_bg":"","ocean_menu_social_hover_links_bg":"","ocean_menu_social_links_color":"","ocean_menu_social_hover_links_color":"","ocean_disable_title":"default","ocean_disable_heading":"default","ocean_post_title":"","ocean_post_subheading":"","ocean_post_title_style":"","ocean_post_title_background_color":"","ocean_post_title_background":0,"ocean_post_title_bg_image_position":"","ocean_post_title_bg_image_attachment":"","ocean_post_title_bg_image_repeat":"","ocean_post_title_bg_image_size":"","ocean_post_title_height":0,"ocean_post_title_bg_overlay":0.5,"ocean_post_title_bg_overlay_color":"","ocean_disable_breadcrumbs":"default","ocean_breadcrumbs_color":"","ocean_breadcrumbs_separator_color":"","ocean_breadcrumbs_links_color":"","ocean_breadcrumbs_links_hover_color":"","ocean_display_footer_widgets":"default","ocean_display_footer_bottom":"default","ocean_custom_footer_template":"0","footnotes":""},"class_list":["post-5","page","type-page","status-publish","hentry","entry"],"_links":{"self":[{"href":"http:\/\/hosen-weiblich.de\/en\/wp-json\/wp\/v2\/pages\/5","targetHints":{"allow":["GET"]}}],"collection":[{"href":"http:\/\/hosen-weiblich.de\/en\/wp-json\/wp\/v2\/pages"}],"about":[{"href":"http:\/\/hosen-weiblich.de\/en\/wp-json\/wp\/v2\/types\/page"}],"author":[{"embeddable":true,"href":"http:\/\/hosen-weiblich.de\/en\/wp-json\/wp\/v2\/users\/1"}],"replies":[{"embeddable":true,"href":"http:\/\/hosen-weiblich.de\/en\/wp-json\/wp\/v2\/comments?post=5"}],"version-history":[{"count":38,"href":"http:\/\/hosen-weiblich.de\/en\/wp-json\/wp\/v2\/pages\/5\/revisions"}],"predecessor-version":[{"id":1440,"href":"http:\/\/hosen-weiblich.de\/en\/wp-json\/wp\/v2\/pages\/5\/revisions\/1440"}],"wp:attachment":[{"href":"http:\/\/hosen-weiblich.de\/en\/wp-json\/wp\/v2\/media?parent=5"}],"curies":[{"name":"wp","href":"https:\/\/api.w.org\/{rel}","templated":true}]}}